{"id":838,"date":"2018-09-28T16:00:56","date_gmt":"2018-09-28T20:00:56","guid":{"rendered":"http:\/\/tcacwn.com\/patrimoine\/?page_id=838"},"modified":"2018-09-30T10:10:54","modified_gmt":"2018-09-30T14:10:54","slug":"le-comite","status":"publish","type":"page","link":"https:\/\/tcacwn.com\/patrimoine\/le-comite\/","title":{"rendered":"Le comit\u00e9"},"content":{"rendered":"<p>Le comit\u00e9 Patrimoine de la Table de concertation des Arts et de la Culture de Wentworth-Nord (TCACWN) a \u00e9t\u00e9 fond\u00e9 en 2016. Ses membres ont ou ont \u00e9t\u00e9:<\/p>\n<p><img loading=\"lazy\" class=\"wp-image-985 alignleft\" src=\"http:\/\/tcacwn.com\/patrimoine\/wp-content\/uploads\/2018\/09\/IMG_10166-Le-Comite-Patrimoine.jpg\" alt=\"\" width=\"282\" height=\"249\" srcset=\"https:\/\/tcacwn.com\/patrimoine\/wp-content\/uploads\/2018\/09\/IMG_10166-Le-Comite-Patrimoine.jpg 720w, https:\/\/tcacwn.com\/patrimoine\/wp-content\/uploads\/2018\/09\/IMG_10166-Le-Comite-Patrimoine-300x264.jpg 300w\" sizes=\"(max-width: 282px) 100vw, 282px\" \/><\/p>\n<p>Line Chapados, pr\u00e9sidente (\u00e0 droite)<br \/>\nH\u00e9l\u00e8ne Fortin (deuxi\u00e8me \u00e0 gauche)<br \/>\nAndr\u00e9 Genest (absent)<br \/>\nFernand Janson (absent)<br \/>\nYves L\u00e9veill\u00e9 (deuxi\u00e8me \u00e0 droite)<br \/>\nAlexandre Pich\u00e9 (\u00e0 gauche)<\/p>\n<p>&nbsp;<\/p>\n","protected":false},"excerpt":{"rendered":"<p>Le comit\u00e9 Patrimoine de la Table de concertation des Arts et de la Culture de Wentworth-Nord (TCACWN) a \u00e9t\u00e9 fond\u00e9 en 2016. Ses membres ont ou ont \u00e9t\u00e9: Line Chapados,&#8230; <\/p>\n","protected":false},"author":6,"featured_media":0,"parent":0,"menu_order":0,"comment_status":"closed","ping_status":"closed","template":"","meta":[],"_links":{"self":[{"href":"https:\/\/tcacwn.com\/patrimoine\/wp-json\/wp\/v2\/pages\/838"}],"collection":[{"href":"https:\/\/tcacwn.com\/patrimoine\/wp-json\/wp\/v2\/pages"}],"about":[{"href":"https:\/\/tcacwn.com\/patrimoine\/wp-json\/wp\/v2\/types\/page"}],"author":[{"embeddable":true,"href":"https:\/\/tcacwn.com\/patrimoine\/wp-json\/wp\/v2\/users\/6"}],"replies":[{"embeddable":true,"href":"https:\/\/tcacwn.com\/patrimoine\/wp-json\/wp\/v2\/comments?post=838"}],"version-history":[{"count":4,"href":"https:\/\/tcacwn.com\/patrimoine\/wp-json\/wp\/v2\/pages\/838\/revisions"}],"predecessor-version":[{"id":991,"href":"https:\/\/tcacwn.com\/patrimoine\/wp-json\/wp\/v2\/pages\/838\/revisions\/991"}],"wp:attachment":[{"href":"https:\/\/tcacwn.com\/patrimoine\/wp-json\/wp\/v2\/media?parent=838"}],"curies":[{"name":"wp","href":"https:\/\/api.w.org\/{rel}","templated":true}]}}