{"id":833,"date":"2018-09-28T15:29:56","date_gmt":"2018-09-28T19:29:56","guid":{"rendered":"http:\/\/tcacwn.com\/patrimoine\/?page_id=833"},"modified":"2018-09-28T15:38:30","modified_gmt":"2018-09-28T19:38:30","slug":"a-propos","status":"publish","type":"page","link":"https:\/\/tcacwn.com\/patrimoine\/a-propos\/","title":{"rendered":"\u00c0 propos"},"content":{"rendered":"<h2 style=\"text-align: center;\">Bienvenue !<\/h2>\n<p>Bienvenue sur notre site!<\/p>\n<p>Le comit\u00e9 Patrimoine de la Table de concertation des Arts et de la Culture de Wentworth-Nord (TCACWN) est form\u00e9 de b\u00e9n\u00e9voles qui ont \u00e0 coeur de pr\u00e9server le patrimoine de Wentworth-Nord, mais aussi de le faire conna\u00eetre et de le partager avec le plus grand nombre.<\/p>\n<p>C&rsquo;est pourquoi nous avons cr\u00e9\u00e9 ce site: vous donner acc\u00e8s aux documents historiques et patrimoniaux que nous d\u00e9tenons, et vous inviter \u00e0 contribuer \u00e0 ce tr\u00e9sor en partageant avec nous vos photos anciennes et documents historiques. Nous nous chargeons de les diffuser le mieux possible \u00e0 partir de ce site.<\/p>\n<p>Ce site sera donc en constante \u00e9volution et grandira avec le temps au fil de nos d\u00e9couvertes et de vos contributions.<\/p>\n<p>Merci de nous aider, merci d&rsquo;aimer le patrimoine de Wentworth-Nord.<\/p>\n<p style=\"text-align: right;\">Line Chapados, pr\u00e9sidente<\/p>\n","protected":false},"excerpt":{"rendered":"<p>Bienvenue ! Bienvenue sur notre site! Le comit\u00e9 Patrimoine de la Table de concertation des Arts et de la Culture de Wentworth-Nord (TCACWN) est form\u00e9 de b\u00e9n\u00e9voles qui ont \u00e0&#8230; <\/p>\n","protected":false},"author":6,"featured_media":0,"parent":0,"menu_order":0,"comment_status":"closed","ping_status":"closed","template":"","meta":[],"_links":{"self":[{"href":"https:\/\/tcacwn.com\/patrimoine\/wp-json\/wp\/v2\/pages\/833"}],"collection":[{"href":"https:\/\/tcacwn.com\/patrimoine\/wp-json\/wp\/v2\/pages"}],"about":[{"href":"https:\/\/tcacwn.com\/patrimoine\/wp-json\/wp\/v2\/types\/page"}],"author":[{"embeddable":true,"href":"https:\/\/tcacwn.com\/patrimoine\/wp-json\/wp\/v2\/users\/6"}],"replies":[{"embeddable":true,"href":"https:\/\/tcacwn.com\/patrimoine\/wp-json\/wp\/v2\/comments?post=833"}],"version-history":[{"count":1,"href":"https:\/\/tcacwn.com\/patrimoine\/wp-json\/wp\/v2\/pages\/833\/revisions"}],"predecessor-version":[{"id":834,"href":"https:\/\/tcacwn.com\/patrimoine\/wp-json\/wp\/v2\/pages\/833\/revisions\/834"}],"wp:attachment":[{"href":"https:\/\/tcacwn.com\/patrimoine\/wp-json\/wp\/v2\/media?parent=833"}],"curies":[{"name":"wp","href":"https:\/\/api.w.org\/{rel}","templated":true}]}}