{"id":642,"date":"2017-10-04T08:24:05","date_gmt":"2017-10-04T12:24:05","guid":{"rendered":"http:\/\/tcacwn.com\/patrimoine\/?page_id=642"},"modified":"2018-09-29T08:10:08","modified_gmt":"2018-09-29T12:10:08","slug":"droit-dauteur","status":"publish","type":"page","link":"https:\/\/tcacwn.com\/patrimoine\/droit-dauteur\/","title":{"rendered":"Droit d&rsquo;auteur"},"content":{"rendered":"<h3><strong>Protection du droit d\u2019auteur et du droit \u00e0 la propri\u00e9t\u00e9 intellectuelle<br \/>\n<\/strong><\/h3>\n<p>Tous les droits d\u2019auteur, marques de commerce, patentes et autres droits \u00e0 la propri\u00e9t\u00e9 intellectuelle sur et dans notre site ainsi que tout contenu ou logiciel situ\u00e9 sur ce site sont et demeurent la seule propri\u00e9t\u00e9 de leur d\u00e9tenteur, de nous-m\u00eames ou des d\u00e9tenteurs de licence.<\/p>\n<p>Sauf mention sp\u00e9cifique et claire, tous les textes, images, photos, vid\u00e9os, documents audio et autres contenus accessibles dans ou par l\u2019interm\u00e9diaire de ce site sont prot\u00e9g\u00e9s par les lois internationales et canadiennes concernant le droit d\u2019auteur. Sauf erreur, tous ces contenus sont pr\u00e9sents sur le site avec l\u2019accord du ou des d\u00e9tenteurs des droits d\u2019auteur.<\/p>\n<p>Si vous trouvez dans ce site un texte, une photo, une image, un vid\u00e9o, un document audio qui \u00e0 votre avis s\u2019y trouve en violation des lois prot\u00e9geant le droit d\u2019auteur, <a href=\"http:\/\/tcacwn.com\/patrimoine\/contact\/\" target=\"_blank\" rel=\"noopener\">veuillez nous en informer<\/a> et nous donner les informations pr\u00e9cises et compl\u00e8tes permettant de d\u00e9montrer vos pr\u00e9tentions. Nous retirerons imm\u00e9diatement du site tout contenu qui s\u2019y trouverait sans l\u2019autorisation de la personne ou de l\u2019organisation d\u00e9tenant le droit d\u2019auteur.<\/p>\n","protected":false},"excerpt":{"rendered":"<p>Protection du droit d\u2019auteur et du droit \u00e0 la propri\u00e9t\u00e9 intellectuelle Tous les droits d\u2019auteur, marques de commerce, patentes et autres droits \u00e0 la propri\u00e9t\u00e9 intellectuelle sur et dans notre&#8230; <\/p>\n","protected":false},"author":6,"featured_media":0,"parent":0,"menu_order":0,"comment_status":"closed","ping_status":"closed","template":"","meta":[],"_links":{"self":[{"href":"https:\/\/tcacwn.com\/patrimoine\/wp-json\/wp\/v2\/pages\/642"}],"collection":[{"href":"https:\/\/tcacwn.com\/patrimoine\/wp-json\/wp\/v2\/pages"}],"about":[{"href":"https:\/\/tcacwn.com\/patrimoine\/wp-json\/wp\/v2\/types\/page"}],"author":[{"embeddable":true,"href":"https:\/\/tcacwn.com\/patrimoine\/wp-json\/wp\/v2\/users\/6"}],"replies":[{"embeddable":true,"href":"https:\/\/tcacwn.com\/patrimoine\/wp-json\/wp\/v2\/comments?post=642"}],"version-history":[{"count":4,"href":"https:\/\/tcacwn.com\/patrimoine\/wp-json\/wp\/v2\/pages\/642\/revisions"}],"predecessor-version":[{"id":873,"href":"https:\/\/tcacwn.com\/patrimoine\/wp-json\/wp\/v2\/pages\/642\/revisions\/873"}],"wp:attachment":[{"href":"https:\/\/tcacwn.com\/patrimoine\/wp-json\/wp\/v2\/media?parent=642"}],"curies":[{"name":"wp","href":"https:\/\/api.w.org\/{rel}","templated":true}]}}