{"id":161,"date":"2012-03-28T11:32:14","date_gmt":"2012-03-28T15:32:14","guid":{"rendered":"http:\/\/tcacwn.com\/patrimoine\/?page_id=161"},"modified":"2018-09-29T08:14:10","modified_gmt":"2018-09-29T12:14:10","slug":"contact","status":"publish","type":"page","link":"https:\/\/tcacwn.com\/patrimoine\/contact\/","title":{"rendered":"Contact"},"content":{"rendered":"<p>Bonjour,<\/p>\n<p>Pour nous envoyer un courriel, veuillez utiliser ce formulaire (qui nous permet d&rsquo;\u00e9viter les pourriels).<br \/>\nVotre message sera envoy\u00e9 directement au Comit\u00e9 Patrimoine.<\/p>\n<p>Pour nous faire parvenir des documents ou photos d&rsquo;\u00e9poque, veuillez nous en aviser \u00e0 l&rsquo;aide de ce formulaire en d\u00e9crivant le mat\u00e9riel que vous aimeriez partager avec nous. Si possible, indiquez le nombre de documents et leur poids (kb, Mb). Cela nous permettra de d\u00e9terminer la meilleure fa\u00e7on de proc\u00e9der pour le transfert et nous communiquerons avec vous rapidement.<\/p>\n<p>Nous vous remercions de tout coeur de votre contribution \u00e0 ce site!<\/p>\n<div role=\"form\" class=\"wpcf7\" id=\"wpcf7-f160-o1\" lang=\"en-US\" dir=\"ltr\">\n<div class=\"screen-reader-response\"><p role=\"status\" aria-live=\"polite\" aria-atomic=\"true\"><\/p> <ul><\/ul><\/div>\n<form action=\"\/patrimoine\/wp-json\/wp\/v2\/pages\/161#wpcf7-f160-o1\" method=\"post\" class=\"wpcf7-form init\" novalidate=\"novalidate\" data-status=\"init\">\n<div style=\"display: none;\">\n<input type=\"hidden\" name=\"_wpcf7\" value=\"160\" \/>\n<input type=\"hidden\" name=\"_wpcf7_version\" value=\"5.3.2\" \/>\n<input type=\"hidden\" name=\"_wpcf7_locale\" value=\"en_US\" \/>\n<input type=\"hidden\" name=\"_wpcf7_unit_tag\" value=\"wpcf7-f160-o1\" \/>\n<input type=\"hidden\" name=\"_wpcf7_container_post\" value=\"0\" \/>\n<input type=\"hidden\" name=\"_wpcf7_posted_data_hash\" value=\"\" \/>\n<\/div>\n<p>Votre nom (obligatoire)<br \/>\n    <span class=\"wpcf7-form-control-wrap your-name\"><input type=\"text\" name=\"your-name\" value=\"\" size=\"40\" class=\"wpcf7-form-control wpcf7-text wpcf7-validates-as-required\" aria-required=\"true\" aria-invalid=\"false\" \/><\/span> <\/p>\n<p>Votre adresse courriel (obligatoire)<br \/>\n    <span class=\"wpcf7-form-control-wrap your-email\"><input type=\"email\" name=\"your-email\" value=\"\" size=\"40\" class=\"wpcf7-form-control wpcf7-text wpcf7-email wpcf7-validates-as-required wpcf7-validates-as-email\" aria-required=\"true\" aria-invalid=\"false\" \/><\/span> <\/p>\n<p>Votre num\u00e9ro de t\u00e9l\u00e9phone<br \/>\n    <span class=\"wpcf7-form-control-wrap tel-173\"><input type=\"tel\" name=\"tel-173\" value=\"\" size=\"40\" class=\"wpcf7-form-control wpcf7-text wpcf7-tel wpcf7-validates-as-tel\" aria-invalid=\"false\" \/><\/span><br \/>\nVotre num\u00e9ro de cellulaire (si diff\u00e9rent)<br \/>\n<span class=\"wpcf7-form-control-wrap tel-cellulaire\"><input type=\"tel\" name=\"tel-cellulaire\" value=\"\" size=\"40\" class=\"wpcf7-form-control wpcf7-text wpcf7-tel wpcf7-validates-as-tel\" aria-invalid=\"false\" \/><\/span><\/p>\n<p>Sujet<br \/>\n    <span class=\"wpcf7-form-control-wrap your-subject\"><input type=\"text\" name=\"your-subject\" value=\"\" size=\"40\" class=\"wpcf7-form-control wpcf7-text\" aria-invalid=\"false\" \/><\/span><\/p>\n<p>Votre message<br \/>\n    <span class=\"wpcf7-form-control-wrap your-message\"><textarea name=\"your-message\" cols=\"40\" rows=\"10\" class=\"wpcf7-form-control wpcf7-textarea\" aria-invalid=\"false\"><\/textarea><\/span> <\/p>\n<p><input type=\"submit\" value=\"Envoyer\" class=\"wpcf7-form-control wpcf7-submit\" \/><\/p>\n<div class=\"wpcf7-response-output\" aria-hidden=\"true\"><\/div><\/form><\/div>\n","protected":false},"excerpt":{"rendered":"<p>Bonjour, Pour nous envoyer un courriel, veuillez utiliser ce formulaire (qui nous permet d&rsquo;\u00e9viter les pourriels). Votre message sera envoy\u00e9 directement au Comit\u00e9 Patrimoine. Pour nous faire parvenir des documents&#8230; <\/p>\n","protected":false},"author":6,"featured_media":0,"parent":0,"menu_order":4,"comment_status":"closed","ping_status":"open","template":"","meta":[],"_links":{"self":[{"href":"https:\/\/tcacwn.com\/patrimoine\/wp-json\/wp\/v2\/pages\/161"}],"collection":[{"href":"https:\/\/tcacwn.com\/patrimoine\/wp-json\/wp\/v2\/pages"}],"about":[{"href":"https:\/\/tcacwn.com\/patrimoine\/wp-json\/wp\/v2\/types\/page"}],"author":[{"embeddable":true,"href":"https:\/\/tcacwn.com\/patrimoine\/wp-json\/wp\/v2\/users\/6"}],"replies":[{"embeddable":true,"href":"https:\/\/tcacwn.com\/patrimoine\/wp-json\/wp\/v2\/comments?post=161"}],"version-history":[{"count":6,"href":"https:\/\/tcacwn.com\/patrimoine\/wp-json\/wp\/v2\/pages\/161\/revisions"}],"predecessor-version":[{"id":874,"href":"https:\/\/tcacwn.com\/patrimoine\/wp-json\/wp\/v2\/pages\/161\/revisions\/874"}],"wp:attachment":[{"href":"https:\/\/tcacwn.com\/patrimoine\/wp-json\/wp\/v2\/media?parent=161"}],"curies":[{"name":"wp","href":"https:\/\/api.w.org\/{rel}","templated":true}]}}